{"id":3,"date":"2024-05-07T13:19:16","date_gmt":"2024-05-07T13:19:16","guid":{"rendered":"https:\/\/korhelypub.hu\/?page_id=3"},"modified":"2025-05-21T09:57:53","modified_gmt":"2025-05-21T07:57:53","slug":"datenschutzerklarung","status":"publish","type":"page","link":"https:\/\/korhelypub.hu\/de\/adatkezelesi-tajekoztato\/","title":{"rendered":"Datenschutzerkl\u00e4rung"},"content":{"rendered":"<div style=\"height:100px\" aria-hidden=\"true\" class=\"wp-block-spacer\"><\/div>\n\n\n\n<h2 class=\"wp-block-heading\">Daten des Datenverantwortlichen<\/h2>\n\n\n\n<p>Danol GmbH<br>Sitz: 7621 P\u00e9cs, Bolt\u00edv k\u00f6z 2-4.<br>Cg.: 02 09 067431<br>Steuernummer: 12619674202<\/p>\n\n\n\n<h2 class=\"wp-block-heading\">Begriffsbestimmungen<\/h2>\n\n\n\n<p>Personenbezogene Daten: Alle Informationen, die sich auf eine identifizierte oder identifizierbare nat\u00fcrliche Person beziehen.<br>Datenverantwortlicher: Die nat\u00fcrliche oder juristische Person, die die Zwecke und Mittel der Verarbeitung personenbezogener Daten festlegt.<br>Datenverarbeiter: Die nat\u00fcrliche oder juristische Person, die personenbezogene Daten im Auftrag des Datenverantwortlichen verarbeitet.<br>Dritte Person: Eine nat\u00fcrliche oder juristische Person, die nicht mit der betroffenen Person, dem Verantwortlichen oder dem Auftragsverarbeiter identisch ist.<\/p>\n\n\n\n<h2 class=\"wp-block-heading\">Rechtsgrundlage der Datenverarbeitung<\/h2>\n\n\n\n<p>Die Verarbeitung personenbezogener Daten durch den Datenverantwortlichen erfolgt in jedem Fall auf der Grundlage eines Gesetzes oder einer freiwilligen Einwilligung. In bestimmten F\u00e4llen beruht die Datenverarbeitung mangels Einwilligung auf einer anderen Rechtsgrundlage oder auf Artikel 6 der Verordnung.<\/p>\n\n\n\n<h2 class=\"wp-block-heading\">Grunds\u00e4tze der Datenverarbeitung<\/h2>\n\n\n\n<p>Rechtm\u00e4\u00dfigkeit, Fairness und Transparenz: Personenbezogene Daten m\u00fcssen rechtm\u00e4\u00dfig, fair und f\u00fcr die betroffene Person transparent verarbeitet werden.<br>Zweckbindung: Personenbezogene Daten d\u00fcrfen nur f\u00fcr festgelegte, eindeutige und rechtm\u00e4\u00dfige Zwecke verarbeitet werden.<br>Datensparsamkeit: Bei der Datenverarbeitung verarbeiten wir nur Daten, die f\u00fcr die Erreichung des Zwecks der Datenverarbeitung unerl\u00e4sslich sind.<br>Genauigkeit: Die verarbeiteten personenbezogenen Daten m\u00fcssen korrekt und, falls erforderlich, auf dem neuesten Stand sein.<br>Begrenzte Speicherdauer: Personenbezogene Daten m\u00fcssen so gespeichert werden, dass die Identifizierung der betroffenen Personen nur so lange m\u00f6glich ist, wie es erforderlich ist.<br>Integrit\u00e4t und Vertraulichkeit: Die Daten m\u00fcssen durch geeignete technische und organisatorische Ma\u00dfnahmen vor unbefugter oder unrechtm\u00e4\u00dfiger Verarbeitung, versehentlichem Verlust, Zerst\u00f6rung oder Besch\u00e4digung gesch\u00fctzt werden.<\/p>\n\n\n\n<h2 class=\"wp-block-heading\">Zweck und Rechtsgrundlagen der Datenverarbeitung<\/h2>\n\n\n\n<p>Einwilligung: Die betroffene Person hat ihre Einwilligung zur Verarbeitung ihrer personenbezogenen Daten f\u00fcr einen oder mehrere bestimmte Zwecke gegeben.<br>Vertragserf\u00fcllung: Die Datenverarbeitung ist f\u00fcr die Erf\u00fcllung eines Vertrags erforderlich, bei dem die betroffene Person eine der Parteien ist.<br>Erf\u00fcllung einer rechtlichen Verpflichtung: Die Datenverarbeitung ist zur Erf\u00fcllung einer rechtlichen Verpflichtung erforderlich, der der Verantwortliche unterliegt.<br>Interessenabw\u00e4gung: Die Datenverarbeitung ist zur Wahrung der berechtigten Interessen des f\u00fcr die Verarbeitung Verantwortlichen oder eines Dritten erforderlich.<\/p>\n\n\n\n<h2 class=\"wp-block-heading\">Datensicherheit<\/h2>\n\n\n\n<p>Der Datenverantwortliche ergreift alle erforderlichen technischen und organisatorischen Ma\u00dfnahmen, um die Sicherheit der personenbezogenen Daten zu gew\u00e4hrleisten.<\/p>\n\n\n\n<script type=\"text\/javascript\" charset=\"UTF-8\"  data-cookiescriptreport=\"report\" src=\"\/\/report.cookie-script.com\/r\/b19b3c6a1ac8cb656e4235e30563267b.js\"><\/script>\n\n\n\n<h2 class=\"wp-block-heading\">Rechte der betroffenen Personen<\/h2>\n\n\n\n<p>Auskunftsrecht: Die betroffene Person hat das Recht, vom Verantwortlichen eine Best\u00e4tigung dar\u00fcber zu erhalten, ob ihre personenbezogenen Daten verarbeitet werden, und wenn ja, hat sie das Recht auf Auskunft \u00fcber diese Daten.<br>Recht auf Berichtigung: Die betroffene Person hat das Recht, von dem Verantwortlichen zu verlangen, dass unrichtige personenbezogene Daten unverz\u00fcglich berichtigt werden.<br>Recht auf L\u00f6schung: Die betroffene Person hat das Recht, auf Antrag zu verlangen, dass der Verantwortliche die sie betreffenden personenbezogenen Daten ohne unangemessene Verz\u00f6gerung l\u00f6scht.<br>Recht auf Einschr\u00e4nkung der Datenverarbeitung: Die betroffene Person hat das Recht, auf ihren Antrag hin die Einschr\u00e4nkung der Datenverarbeitung durch den Verantwortlichen zu verlangen.<br>Recht auf Daten\u00fcbertragbarkeit: Die betroffene Person hat das Recht, die sie betreffenden personenbezogenen Daten in einem strukturierten, g\u00e4ngigen und maschinenlesbaren Format zu erhalten.<br>Widerspruchsrecht: Die betroffene Person hat das Recht, jederzeit gegen die Verarbeitung ihrer personenbezogenen Daten Widerspruch einzulegen.<\/p>\n\n\n\n<h2 class=\"wp-block-heading\">Datenschutzvorfall<\/h2>\n\n\n\n<p>Der Datenverantwortliche meldet Datenschutzverletzungen ohne unangemessene Verz\u00f6gerung, sp\u00e4testens jedoch 72 Stunden nach ihrer Feststellung, der zust\u00e4ndigen Aufsichtsbeh\u00f6rde.<\/p>\n\n\n\n<h2 class=\"wp-block-heading\">Daten\u00fcbertragung<\/h2>\n\n\n\n<p>Wir geben personenbezogene Daten nur dann an Dritte weiter, wenn die betroffene Person dem zugestimmt hat oder dies gesetzlich zul\u00e4ssig ist.<\/p>\n\n\n\n<h2 class=\"wp-block-heading\">Kontakt<\/h2>\n\n\n\n<p>Wenn Sie Fragen zu dieser Datenschutzerkl\u00e4rung haben, wenden Sie sich bitte \u00fcber einen der folgenden Kan\u00e4le an uns:<br>Korhely Restaurant und Pub<br>Adresse: 7621 P\u00e9cs, Bolt\u00edv k\u00f6z 2-4.<br>E-Mail: korhelypub@korhelypub.hu<br>Telefon: +36 (20) 359 7895<br>Diese Informationen dienen dem Schutz Ihrer Rechte und Daten. Bitte lesen Sie sie sorgf\u00e4ltig durch und wenden Sie sich bei Fragen vertrauensvoll an uns!<\/p>\n\n\n\n<div style=\"height:150px\" aria-hidden=\"true\" class=\"wp-block-spacer\"><\/div>\n\n\n\n<p><\/p>","protected":false},"excerpt":{"rendered":"<p>Az Adatkezel\u0151 adatai Danol KftSz\u00e9khely: 7621 P\u00e9cs, Bolt\u00edv k\u00f6z 2-4.Cg.: 02 09 067431Ad\u00f3sz\u00e1m: 12619674202 Fogalommeghat\u00e1roz\u00e1sok Szem\u00e9lyes adat: B\u00e1rmely inform\u00e1ci\u00f3, amely egy azonos\u00edtott vagy azonos\u00edthat\u00f3 term\u00e9szetes szem\u00e9lyre vonatkozik.Adatkezel\u0151: Az a term\u00e9szetes vagy jogi szem\u00e9ly, amely meghat\u00e1rozza a szem\u00e9lyes adatok kezel\u00e9s\u00e9nek c\u00e9ljait \u00e9s eszk\u00f6zeit.Adatfeldolgoz\u00f3: Az a term\u00e9szetes vagy jogi szem\u00e9ly, amely az adatkezel\u0151 nev\u00e9ben szem\u00e9lyes adatokat kezel.Harmadik [&hellip;]<\/p>\n","protected":false},"author":2,"featured_media":205,"parent":0,"menu_order":0,"comment_status":"closed","ping_status":"closed","template":"","meta":{"footnotes":""},"class_list":["post-3","page","type-page","status-publish","has-post-thumbnail","hentry"],"yoast_head":"<!-- This site is optimized with the Yoast SEO plugin v27.2 - https:\/\/yoast.com\/product\/yoast-seo-wordpress\/ -->\n<title>Adatkezel\u00e9si t\u00e1j\u00e9koztat\u00f3 - Korhelypub<\/title>\n<meta name=\"robots\" content=\"index, follow, max-snippet:-1, max-image-preview:large, max-video-preview:-1\" \/>\n<link rel=\"canonical\" href=\"https:\/\/korhelypub.hu\/de\/datenschutzerklarung\/\" \/>\n<meta property=\"og:locale\" content=\"de_DE\" \/>\n<meta property=\"og:type\" content=\"article\" \/>\n<meta property=\"og:title\" content=\"Adatkezel\u00e9si t\u00e1j\u00e9koztat\u00f3 - Korhelypub\" \/>\n<meta property=\"og:description\" content=\"Az Adatkezel\u0151 adatai Danol KftSz\u00e9khely: 7621 P\u00e9cs, Bolt\u00edv k\u00f6z 2-4.Cg.: 02 09 067431Ad\u00f3sz\u00e1m: 12619674202 Fogalommeghat\u00e1roz\u00e1sok Szem\u00e9lyes adat: B\u00e1rmely inform\u00e1ci\u00f3, amely egy azonos\u00edtott vagy azonos\u00edthat\u00f3 term\u00e9szetes szem\u00e9lyre vonatkozik.Adatkezel\u0151: Az a term\u00e9szetes vagy jogi szem\u00e9ly, amely meghat\u00e1rozza a szem\u00e9lyes adatok kezel\u00e9s\u00e9nek c\u00e9ljait \u00e9s eszk\u00f6zeit.Adatfeldolgoz\u00f3: Az a term\u00e9szetes vagy jogi szem\u00e9ly, amely az adatkezel\u0151 nev\u00e9ben szem\u00e9lyes adatokat kezel.Harmadik [&hellip;]\" \/>\n<meta property=\"og:url\" content=\"https:\/\/korhelypub.hu\/de\/datenschutzerklarung\/\" \/>\n<meta property=\"og:site_name\" content=\"Korhelypub\" \/>\n<meta property=\"article:modified_time\" content=\"2025-05-21T07:57:53+00:00\" \/>\n<meta property=\"og:image\" content=\"https:\/\/korhelypub.hu\/wp-content\/uploads\/2024\/05\/korhely-megosztasi-kep1.jpg\" \/>\n\t<meta property=\"og:image:width\" content=\"2490\" \/>\n\t<meta property=\"og:image:height\" content=\"1438\" \/>\n\t<meta property=\"og:image:type\" content=\"image\/jpeg\" \/>\n<meta name=\"twitter:card\" content=\"summary_large_image\" \/>\n<meta name=\"twitter:label1\" content=\"Gesch\u00e4tzte Lesezeit\" \/>\n\t<meta name=\"twitter:data1\" content=\"3\u00a0Minuten\" \/>\n<script type=\"application\/ld+json\" class=\"yoast-schema-graph\">{\"@context\":\"https:\/\/schema.org\",\"@graph\":[{\"@type\":\"WebPage\",\"@id\":\"https:\/\/korhelypub.hu\/adatkezelesi-tajekoztato\/\",\"url\":\"https:\/\/korhelypub.hu\/adatkezelesi-tajekoztato\/\",\"name\":\"Adatkezel\u00e9si t\u00e1j\u00e9koztat\u00f3 - Korhelypub\",\"isPartOf\":{\"@id\":\"https:\/\/korhelypub.hu\/#website\"},\"primaryImageOfPage\":{\"@id\":\"https:\/\/korhelypub.hu\/adatkezelesi-tajekoztato\/#primaryimage\"},\"image\":{\"@id\":\"https:\/\/korhelypub.hu\/adatkezelesi-tajekoztato\/#primaryimage\"},\"thumbnailUrl\":\"https:\/\/korhelypub.hu\/wp-content\/uploads\/2024\/05\/korhely-megosztasi-kep1.jpg\",\"datePublished\":\"2024-05-07T13:19:16+00:00\",\"dateModified\":\"2025-05-21T07:57:53+00:00\",\"breadcrumb\":{\"@id\":\"https:\/\/korhelypub.hu\/adatkezelesi-tajekoztato\/#breadcrumb\"},\"inLanguage\":\"de\",\"potentialAction\":[{\"@type\":\"ReadAction\",\"target\":[\"https:\/\/korhelypub.hu\/adatkezelesi-tajekoztato\/\"]}]},{\"@type\":\"ImageObject\",\"inLanguage\":\"de\",\"@id\":\"https:\/\/korhelypub.hu\/adatkezelesi-tajekoztato\/#primaryimage\",\"url\":\"https:\/\/korhelypub.hu\/wp-content\/uploads\/2024\/05\/korhely-megosztasi-kep1.jpg\",\"contentUrl\":\"https:\/\/korhelypub.hu\/wp-content\/uploads\/2024\/05\/korhely-megosztasi-kep1.jpg\",\"width\":2490,\"height\":1438},{\"@type\":\"BreadcrumbList\",\"@id\":\"https:\/\/korhelypub.hu\/adatkezelesi-tajekoztato\/#breadcrumb\",\"itemListElement\":[{\"@type\":\"ListItem\",\"position\":1,\"name\":\"Home\",\"item\":\"https:\/\/korhelypub.hu\/\"},{\"@type\":\"ListItem\",\"position\":2,\"name\":\"Adatkezel\u00e9si t\u00e1j\u00e9koztat\u00f3\"}]},{\"@type\":\"WebSite\",\"@id\":\"https:\/\/korhelypub.hu\/#website\",\"url\":\"https:\/\/korhelypub.hu\/\",\"name\":\"Korhelypub\",\"description\":\"\u201eAmit ma megehetsz, ne halaszd holnapra!\u201d\",\"publisher\":{\"@id\":\"https:\/\/korhelypub.hu\/#organization\"},\"potentialAction\":[{\"@type\":\"SearchAction\",\"target\":{\"@type\":\"EntryPoint\",\"urlTemplate\":\"https:\/\/korhelypub.hu\/?s={search_term_string}\"},\"query-input\":{\"@type\":\"PropertyValueSpecification\",\"valueRequired\":true,\"valueName\":\"search_term_string\"}}],\"inLanguage\":\"de\"},{\"@type\":\"Organization\",\"@id\":\"https:\/\/korhelypub.hu\/#organization\",\"name\":\"Korhelypub\",\"url\":\"https:\/\/korhelypub.hu\/\",\"logo\":{\"@type\":\"ImageObject\",\"inLanguage\":\"de\",\"@id\":\"https:\/\/korhelypub.hu\/#\/schema\/logo\/image\/\",\"url\":\"https:\/\/korhelypub.hu\/wp-content\/uploads\/2024\/05\/korhely-logo-fekvo-barna.svg\",\"contentUrl\":\"https:\/\/korhelypub.hu\/wp-content\/uploads\/2024\/05\/korhely-logo-fekvo-barna.svg\",\"width\":471,\"height\":96,\"caption\":\"Korhelypub\"},\"image\":{\"@id\":\"https:\/\/korhelypub.hu\/#\/schema\/logo\/image\/\"}}]}<\/script>\n<!-- \/ Yoast SEO plugin. -->","yoast_head_json":{"title":"Datenschutzerkl\u00e4rung \u2013 Korhelypub","robots":{"index":"index","follow":"follow","max-snippet":"max-snippet:-1","max-image-preview":"max-image-preview:large","max-video-preview":"max-video-preview:-1"},"canonical":"https:\/\/korhelypub.hu\/de\/datenschutzerklarung\/","og_locale":"de_DE","og_type":"article","og_title":"Adatkezel\u00e9si t\u00e1j\u00e9koztat\u00f3 - Korhelypub","og_description":"Az Adatkezel\u0151 adatai Danol KftSz\u00e9khely: 7621 P\u00e9cs, Bolt\u00edv k\u00f6z 2-4.Cg.: 02 09 067431Ad\u00f3sz\u00e1m: 12619674202 Fogalommeghat\u00e1roz\u00e1sok Szem\u00e9lyes adat: B\u00e1rmely inform\u00e1ci\u00f3, amely egy azonos\u00edtott vagy azonos\u00edthat\u00f3 term\u00e9szetes szem\u00e9lyre vonatkozik.Adatkezel\u0151: Az a term\u00e9szetes vagy jogi szem\u00e9ly, amely meghat\u00e1rozza a szem\u00e9lyes adatok kezel\u00e9s\u00e9nek c\u00e9ljait \u00e9s eszk\u00f6zeit.Adatfeldolgoz\u00f3: Az a term\u00e9szetes vagy jogi szem\u00e9ly, amely az adatkezel\u0151 nev\u00e9ben szem\u00e9lyes adatokat kezel.Harmadik [&hellip;]","og_url":"https:\/\/korhelypub.hu\/de\/datenschutzerklarung\/","og_site_name":"Korhelypub","article_modified_time":"2025-05-21T07:57:53+00:00","og_image":[{"width":2490,"height":1438,"url":"https:\/\/korhelypub.hu\/wp-content\/uploads\/2024\/05\/korhely-megosztasi-kep1.jpg","type":"image\/jpeg"}],"twitter_card":"summary_large_image","twitter_misc":{"Gesch\u00e4tzte Lesezeit":"3\u00a0Minuten"},"schema":{"@context":"https:\/\/schema.org","@graph":[{"@type":"WebPage","@id":"https:\/\/korhelypub.hu\/adatkezelesi-tajekoztato\/","url":"https:\/\/korhelypub.hu\/adatkezelesi-tajekoztato\/","name":"Datenschutzerkl\u00e4rung \u2013 Korhelypub","isPartOf":{"@id":"https:\/\/korhelypub.hu\/#website"},"primaryImageOfPage":{"@id":"https:\/\/korhelypub.hu\/adatkezelesi-tajekoztato\/#primaryimage"},"image":{"@id":"https:\/\/korhelypub.hu\/adatkezelesi-tajekoztato\/#primaryimage"},"thumbnailUrl":"https:\/\/korhelypub.hu\/wp-content\/uploads\/2024\/05\/korhely-megosztasi-kep1.jpg","datePublished":"2024-05-07T13:19:16+00:00","dateModified":"2025-05-21T07:57:53+00:00","breadcrumb":{"@id":"https:\/\/korhelypub.hu\/adatkezelesi-tajekoztato\/#breadcrumb"},"inLanguage":"de","potentialAction":[{"@type":"ReadAction","target":["https:\/\/korhelypub.hu\/adatkezelesi-tajekoztato\/"]}]},{"@type":"ImageObject","inLanguage":"de","@id":"https:\/\/korhelypub.hu\/adatkezelesi-tajekoztato\/#primaryimage","url":"https:\/\/korhelypub.hu\/wp-content\/uploads\/2024\/05\/korhely-megosztasi-kep1.jpg","contentUrl":"https:\/\/korhelypub.hu\/wp-content\/uploads\/2024\/05\/korhely-megosztasi-kep1.jpg","width":2490,"height":1438},{"@type":"BreadcrumbList","@id":"https:\/\/korhelypub.hu\/adatkezelesi-tajekoztato\/#breadcrumb","itemListElement":[{"@type":"ListItem","position":1,"name":"Home","item":"https:\/\/korhelypub.hu\/"},{"@type":"ListItem","position":2,"name":"Adatkezel\u00e9si t\u00e1j\u00e9koztat\u00f3"}]},{"@type":"WebSite","@id":"https:\/\/korhelypub.hu\/#website","url":"https:\/\/korhelypub.hu\/","name":"Korhelypub","description":"\u201eWas du heute essen kannst, verschiebe nicht auf morgen!\u201d","publisher":{"@id":"https:\/\/korhelypub.hu\/#organization"},"potentialAction":[{"@type":"SearchAction","target":{"@type":"EntryPoint","urlTemplate":"https:\/\/korhelypub.hu\/?s={search_term_string}"},"query-input":{"@type":"PropertyValueSpecification","valueRequired":true,"valueName":"search_term_string"}}],"inLanguage":"de"},{"@type":"Organization","@id":"https:\/\/korhelypub.hu\/#organization","name":"Korhelypub","url":"https:\/\/korhelypub.hu\/","logo":{"@type":"ImageObject","inLanguage":"de","@id":"https:\/\/korhelypub.hu\/#\/schema\/logo\/image\/","url":"https:\/\/korhelypub.hu\/wp-content\/uploads\/2024\/05\/korhely-logo-fekvo-barna.svg","contentUrl":"https:\/\/korhelypub.hu\/wp-content\/uploads\/2024\/05\/korhely-logo-fekvo-barna.svg","width":471,"height":96,"caption":"Korhelypub"},"image":{"@id":"https:\/\/korhelypub.hu\/#\/schema\/logo\/image\/"}}]}},"_links":{"self":[{"href":"https:\/\/korhelypub.hu\/de\/wp-json\/wp\/v2\/pages\/3","targetHints":{"allow":["GET"]}}],"collection":[{"href":"https:\/\/korhelypub.hu\/de\/wp-json\/wp\/v2\/pages"}],"about":[{"href":"https:\/\/korhelypub.hu\/de\/wp-json\/wp\/v2\/types\/page"}],"author":[{"embeddable":true,"href":"https:\/\/korhelypub.hu\/de\/wp-json\/wp\/v2\/users\/2"}],"replies":[{"embeddable":true,"href":"https:\/\/korhelypub.hu\/de\/wp-json\/wp\/v2\/comments?post=3"}],"version-history":[{"count":10,"href":"https:\/\/korhelypub.hu\/de\/wp-json\/wp\/v2\/pages\/3\/revisions"}],"predecessor-version":[{"id":1024,"href":"https:\/\/korhelypub.hu\/de\/wp-json\/wp\/v2\/pages\/3\/revisions\/1024"}],"wp:featuredmedia":[{"embeddable":true,"href":"https:\/\/korhelypub.hu\/de\/wp-json\/wp\/v2\/media\/205"}],"wp:attachment":[{"href":"https:\/\/korhelypub.hu\/de\/wp-json\/wp\/v2\/media?parent=3"}],"curies":[{"name":"wp","href":"https:\/\/api.w.org\/{rel}","templated":true}]}}