{"id":3,"date":"2024-05-07T13:19:16","date_gmt":"2024-05-07T13:19:16","guid":{"rendered":"https:\/\/korhelypub.hu\/?page_id=3"},"modified":"2025-05-21T09:57:53","modified_gmt":"2025-05-21T07:57:53","slug":"data-processing-information","status":"publish","type":"page","link":"https:\/\/korhelypub.hu\/en\/adatkezelesi-tajekoztato\/","title":{"rendered":"Data processing information"},"content":{"rendered":"<div style=\"height:100px\" aria-hidden=\"true\" class=\"wp-block-spacer\"><\/div>\n\n\n\n<h2 class=\"wp-block-heading\">Data Controller's details<\/h2>\n\n\n\n<p>Danol Ltd.<br>Registered office: 7621 P\u00e9cs, Bolt\u00edv k\u00f6z 2-4.<br>Ref. no.: 02 09 067431<br>Tax number: 12619674202<\/p>\n\n\n\n<h2 class=\"wp-block-heading\">Definitions<\/h2>\n\n\n\n<p>Personal data: Any information relating to an identified or identifiable natural person.<br>Data controller: The natural or legal person who determines the purposes and means of processing personal data.<br>Data processor: A natural or legal person who processes personal data on behalf of the data controller.<br>Third party: A natural or legal person other than the data subject, the data controller or the data processor.<\/p>\n\n\n\n<h2 class=\"wp-block-heading\">Legal Basis for Data Processing<\/h2>\n\n\n\n<p>In the course of its activities, the Data Controller processes personal data in all cases on the basis of law or voluntary consent. In certain cases, data processing is based on other legal grounds or Article 6 of the Regulation in the absence of consent.<\/p>\n\n\n\n<h2 class=\"wp-block-heading\">Data Management Principles<\/h2>\n\n\n\n<p>Lawfulness, fairness and transparency: Personal data must be processed lawfully, fairly and in a transparent manner in relation to the data subject.<br>Purpose limitation: Personal data may only be processed for specified, explicit and legitimate purposes.<br>Data minimisation: During data processing, we only process data that is essential for achieving the purpose of data processing.<br>Accuracy: Personal data processed must be accurate and, where necessary, kept up to date.<br>Limited storage: Personal data must be stored in such a way that the identification of data subjects is only possible for as long as necessary.<br>Integrity and confidentiality: Data must be protected against unauthorised or unlawful processing, accidental loss, destruction or damage by means of appropriate technical and organisational measures.<\/p>\n\n\n\n<h2 class=\"wp-block-heading\">Purposes and Legal Basis of Data Processing<\/h2>\n\n\n\n<p>Consent: The data subject has given consent to the processing of their personal data for one or more specific purposes.<br>Performance of a contract: Data processing is necessary for the performance of a contract to which the data subject is party.<br>Compliance with legal obligations: Data processing is necessary for compliance with a legal obligation to which the controller is subject.<br>Balancing of interests: Data processing is necessary for the purposes of the legitimate interests pursued by the data controller or a third party.<\/p>\n\n\n\n<h2 class=\"wp-block-heading\">Data security<\/h2>\n\n\n\n<p>The Data Controller shall take all necessary technical and organisational measures to ensure the security of personal data.<\/p>\n\n\n\n<script type=\"text\/javascript\" charset=\"UTF-8\"  data-cookiescriptreport=\"report\" src=\"\/\/report.cookie-script.com\/r\/b19b3c6a1ac8cb656e4235e30563267b.js\"><\/script>\n\n\n\n<h2 class=\"wp-block-heading\">Rights of Data Subjects<\/h2>\n\n\n\n<p>Right of access: The data subject has the right to obtain confirmation from the controller as to whether personal data concerning him or her are being processed and, where that is the case, access to the personal data.<br>Right to rectification: The data subject shall have the right to obtain from the controller without undue delay the rectification of inaccurate personal data concerning him or her.<br>Right to erasure: The data subject shall have the right to obtain from the controller the erasure of personal data concerning him or her without undue delay.<br>Right to restriction of processing: The data subject has the right to request that the controller restrict the processing of data.<br>Right to data portability: The data subject has the right to receive personal data concerning him or her in a structured, commonly used and machine-readable format.<br>Right to object: The data subject has the right to object to the processing of their personal data at any time.<\/p>\n\n\n\n<h2 class=\"wp-block-heading\">Data Protection Incident<\/h2>\n\n\n\n<p>The data controller shall notify the competent supervisory authority of any data protection incidents without undue delay, but no later than 72 hours after becoming aware of them.<\/p>\n\n\n\n<h2 class=\"wp-block-heading\">Data transfer<\/h2>\n\n\n\n<p>We only disclose personal data to third parties if the data subject has consented to this or if it is permitted by law.<\/p>\n\n\n\n<h2 class=\"wp-block-heading\">Contact<\/h2>\n\n\n\n<p>If you have any questions regarding this privacy policy, please contact us using one of the following contact details:<br>Korhely Restaurant and Pub<br>Address: 7621 P\u00e9cs, Bolt\u00edv k\u00f6z 2-4.<br>Email: korhelypub@korhelypub.hu<br>Telephone: +36 (20) 359 7895<br>This information serves to protect your rights and data. Please read it carefully and feel free to contact us if you have any questions!<\/p>\n\n\n\n<div style=\"height:150px\" aria-hidden=\"true\" class=\"wp-block-spacer\"><\/div>\n\n\n\n<p><\/p>","protected":false},"excerpt":{"rendered":"<p>Az Adatkezel\u0151 adatai Danol KftSz\u00e9khely: 7621 P\u00e9cs, Bolt\u00edv k\u00f6z 2-4.Cg.: 02 09 067431Ad\u00f3sz\u00e1m: 12619674202 Fogalommeghat\u00e1roz\u00e1sok Szem\u00e9lyes adat: B\u00e1rmely inform\u00e1ci\u00f3, amely egy azonos\u00edtott vagy azonos\u00edthat\u00f3 term\u00e9szetes szem\u00e9lyre vonatkozik.Adatkezel\u0151: Az a term\u00e9szetes vagy jogi szem\u00e9ly, amely meghat\u00e1rozza a szem\u00e9lyes adatok kezel\u00e9s\u00e9nek c\u00e9ljait \u00e9s eszk\u00f6zeit.Adatfeldolgoz\u00f3: Az a term\u00e9szetes vagy jogi szem\u00e9ly, amely az adatkezel\u0151 nev\u00e9ben szem\u00e9lyes adatokat kezel.Harmadik [&hellip;]<\/p>\n","protected":false},"author":2,"featured_media":205,"parent":0,"menu_order":0,"comment_status":"closed","ping_status":"closed","template":"","meta":{"footnotes":""},"class_list":["post-3","page","type-page","status-publish","has-post-thumbnail","hentry"],"yoast_head":"<!-- This site is optimized with the Yoast SEO plugin v27.2 - https:\/\/yoast.com\/product\/yoast-seo-wordpress\/ -->\n<title>Adatkezel\u00e9si t\u00e1j\u00e9koztat\u00f3 - Korhelypub<\/title>\n<meta name=\"robots\" content=\"index, follow, max-snippet:-1, max-image-preview:large, max-video-preview:-1\" \/>\n<link rel=\"canonical\" href=\"https:\/\/korhelypub.hu\/en\/data-processing-information\/\" \/>\n<meta property=\"og:locale\" content=\"en_GB\" \/>\n<meta property=\"og:type\" content=\"article\" \/>\n<meta property=\"og:title\" content=\"Adatkezel\u00e9si t\u00e1j\u00e9koztat\u00f3 - Korhelypub\" \/>\n<meta property=\"og:description\" content=\"Az Adatkezel\u0151 adatai Danol KftSz\u00e9khely: 7621 P\u00e9cs, Bolt\u00edv k\u00f6z 2-4.Cg.: 02 09 067431Ad\u00f3sz\u00e1m: 12619674202 Fogalommeghat\u00e1roz\u00e1sok Szem\u00e9lyes adat: B\u00e1rmely inform\u00e1ci\u00f3, amely egy azonos\u00edtott vagy azonos\u00edthat\u00f3 term\u00e9szetes szem\u00e9lyre vonatkozik.Adatkezel\u0151: Az a term\u00e9szetes vagy jogi szem\u00e9ly, amely meghat\u00e1rozza a szem\u00e9lyes adatok kezel\u00e9s\u00e9nek c\u00e9ljait \u00e9s eszk\u00f6zeit.Adatfeldolgoz\u00f3: Az a term\u00e9szetes vagy jogi szem\u00e9ly, amely az adatkezel\u0151 nev\u00e9ben szem\u00e9lyes adatokat kezel.Harmadik [&hellip;]\" \/>\n<meta property=\"og:url\" content=\"https:\/\/korhelypub.hu\/en\/data-processing-information\/\" \/>\n<meta property=\"og:site_name\" content=\"Korhelypub\" \/>\n<meta property=\"article:modified_time\" content=\"2025-05-21T07:57:53+00:00\" \/>\n<meta property=\"og:image\" content=\"https:\/\/korhelypub.hu\/wp-content\/uploads\/2024\/05\/korhely-megosztasi-kep1.jpg\" \/>\n\t<meta property=\"og:image:width\" content=\"2490\" \/>\n\t<meta property=\"og:image:height\" content=\"1438\" \/>\n\t<meta property=\"og:image:type\" content=\"image\/jpeg\" \/>\n<meta name=\"twitter:card\" content=\"summary_large_image\" \/>\n<meta name=\"twitter:label1\" content=\"Estimated reading time\" \/>\n\t<meta name=\"twitter:data1\" content=\"3 minutes\" \/>\n<script type=\"application\/ld+json\" class=\"yoast-schema-graph\">{\"@context\":\"https:\/\/schema.org\",\"@graph\":[{\"@type\":\"WebPage\",\"@id\":\"https:\/\/korhelypub.hu\/adatkezelesi-tajekoztato\/\",\"url\":\"https:\/\/korhelypub.hu\/adatkezelesi-tajekoztato\/\",\"name\":\"Adatkezel\u00e9si t\u00e1j\u00e9koztat\u00f3 - Korhelypub\",\"isPartOf\":{\"@id\":\"https:\/\/korhelypub.hu\/#website\"},\"primaryImageOfPage\":{\"@id\":\"https:\/\/korhelypub.hu\/adatkezelesi-tajekoztato\/#primaryimage\"},\"image\":{\"@id\":\"https:\/\/korhelypub.hu\/adatkezelesi-tajekoztato\/#primaryimage\"},\"thumbnailUrl\":\"https:\/\/korhelypub.hu\/wp-content\/uploads\/2024\/05\/korhely-megosztasi-kep1.jpg\",\"datePublished\":\"2024-05-07T13:19:16+00:00\",\"dateModified\":\"2025-05-21T07:57:53+00:00\",\"breadcrumb\":{\"@id\":\"https:\/\/korhelypub.hu\/adatkezelesi-tajekoztato\/#breadcrumb\"},\"inLanguage\":\"en-GB\",\"potentialAction\":[{\"@type\":\"ReadAction\",\"target\":[\"https:\/\/korhelypub.hu\/adatkezelesi-tajekoztato\/\"]}]},{\"@type\":\"ImageObject\",\"inLanguage\":\"en-GB\",\"@id\":\"https:\/\/korhelypub.hu\/adatkezelesi-tajekoztato\/#primaryimage\",\"url\":\"https:\/\/korhelypub.hu\/wp-content\/uploads\/2024\/05\/korhely-megosztasi-kep1.jpg\",\"contentUrl\":\"https:\/\/korhelypub.hu\/wp-content\/uploads\/2024\/05\/korhely-megosztasi-kep1.jpg\",\"width\":2490,\"height\":1438},{\"@type\":\"BreadcrumbList\",\"@id\":\"https:\/\/korhelypub.hu\/adatkezelesi-tajekoztato\/#breadcrumb\",\"itemListElement\":[{\"@type\":\"ListItem\",\"position\":1,\"name\":\"Home\",\"item\":\"https:\/\/korhelypub.hu\/\"},{\"@type\":\"ListItem\",\"position\":2,\"name\":\"Adatkezel\u00e9si t\u00e1j\u00e9koztat\u00f3\"}]},{\"@type\":\"WebSite\",\"@id\":\"https:\/\/korhelypub.hu\/#website\",\"url\":\"https:\/\/korhelypub.hu\/\",\"name\":\"Korhelypub\",\"description\":\"\u201eAmit ma megehetsz, ne halaszd holnapra!\u201d\",\"publisher\":{\"@id\":\"https:\/\/korhelypub.hu\/#organization\"},\"potentialAction\":[{\"@type\":\"SearchAction\",\"target\":{\"@type\":\"EntryPoint\",\"urlTemplate\":\"https:\/\/korhelypub.hu\/?s={search_term_string}\"},\"query-input\":{\"@type\":\"PropertyValueSpecification\",\"valueRequired\":true,\"valueName\":\"search_term_string\"}}],\"inLanguage\":\"en-GB\"},{\"@type\":\"Organization\",\"@id\":\"https:\/\/korhelypub.hu\/#organization\",\"name\":\"Korhelypub\",\"url\":\"https:\/\/korhelypub.hu\/\",\"logo\":{\"@type\":\"ImageObject\",\"inLanguage\":\"en-GB\",\"@id\":\"https:\/\/korhelypub.hu\/#\/schema\/logo\/image\/\",\"url\":\"https:\/\/korhelypub.hu\/wp-content\/uploads\/2024\/05\/korhely-logo-fekvo-barna.svg\",\"contentUrl\":\"https:\/\/korhelypub.hu\/wp-content\/uploads\/2024\/05\/korhely-logo-fekvo-barna.svg\",\"width\":471,\"height\":96,\"caption\":\"Korhelypub\"},\"image\":{\"@id\":\"https:\/\/korhelypub.hu\/#\/schema\/logo\/image\/\"}}]}<\/script>\n<!-- \/ Yoast SEO plugin. -->","yoast_head_json":{"title":"Data processing information - Korhelypub","robots":{"index":"index","follow":"follow","max-snippet":"max-snippet:-1","max-image-preview":"max-image-preview:large","max-video-preview":"max-video-preview:-1"},"canonical":"https:\/\/korhelypub.hu\/en\/data-processing-information\/","og_locale":"en_GB","og_type":"article","og_title":"Adatkezel\u00e9si t\u00e1j\u00e9koztat\u00f3 - Korhelypub","og_description":"Az Adatkezel\u0151 adatai Danol KftSz\u00e9khely: 7621 P\u00e9cs, Bolt\u00edv k\u00f6z 2-4.Cg.: 02 09 067431Ad\u00f3sz\u00e1m: 12619674202 Fogalommeghat\u00e1roz\u00e1sok Szem\u00e9lyes adat: B\u00e1rmely inform\u00e1ci\u00f3, amely egy azonos\u00edtott vagy azonos\u00edthat\u00f3 term\u00e9szetes szem\u00e9lyre vonatkozik.Adatkezel\u0151: Az a term\u00e9szetes vagy jogi szem\u00e9ly, amely meghat\u00e1rozza a szem\u00e9lyes adatok kezel\u00e9s\u00e9nek c\u00e9ljait \u00e9s eszk\u00f6zeit.Adatfeldolgoz\u00f3: Az a term\u00e9szetes vagy jogi szem\u00e9ly, amely az adatkezel\u0151 nev\u00e9ben szem\u00e9lyes adatokat kezel.Harmadik [&hellip;]","og_url":"https:\/\/korhelypub.hu\/en\/data-processing-information\/","og_site_name":"Korhelypub","article_modified_time":"2025-05-21T07:57:53+00:00","og_image":[{"width":2490,"height":1438,"url":"https:\/\/korhelypub.hu\/wp-content\/uploads\/2024\/05\/korhely-megosztasi-kep1.jpg","type":"image\/jpeg"}],"twitter_card":"summary_large_image","twitter_misc":{"Estimated reading time":"3 minutes"},"schema":{"@context":"https:\/\/schema.org","@graph":[{"@type":"WebPage","@id":"https:\/\/korhelypub.hu\/adatkezelesi-tajekoztato\/","url":"https:\/\/korhelypub.hu\/adatkezelesi-tajekoztato\/","name":"Data processing information - Korhelypub","isPartOf":{"@id":"https:\/\/korhelypub.hu\/#website"},"primaryImageOfPage":{"@id":"https:\/\/korhelypub.hu\/adatkezelesi-tajekoztato\/#primaryimage"},"image":{"@id":"https:\/\/korhelypub.hu\/adatkezelesi-tajekoztato\/#primaryimage"},"thumbnailUrl":"https:\/\/korhelypub.hu\/wp-content\/uploads\/2024\/05\/korhely-megosztasi-kep1.jpg","datePublished":"2024-05-07T13:19:16+00:00","dateModified":"2025-05-21T07:57:53+00:00","breadcrumb":{"@id":"https:\/\/korhelypub.hu\/adatkezelesi-tajekoztato\/#breadcrumb"},"inLanguage":"en-GB","potentialAction":[{"@type":"ReadAction","target":["https:\/\/korhelypub.hu\/adatkezelesi-tajekoztato\/"]}]},{"@type":"ImageObject","inLanguage":"en-GB","@id":"https:\/\/korhelypub.hu\/adatkezelesi-tajekoztato\/#primaryimage","url":"https:\/\/korhelypub.hu\/wp-content\/uploads\/2024\/05\/korhely-megosztasi-kep1.jpg","contentUrl":"https:\/\/korhelypub.hu\/wp-content\/uploads\/2024\/05\/korhely-megosztasi-kep1.jpg","width":2490,"height":1438},{"@type":"BreadcrumbList","@id":"https:\/\/korhelypub.hu\/adatkezelesi-tajekoztato\/#breadcrumb","itemListElement":[{"@type":"ListItem","position":1,"name":"Home","item":"https:\/\/korhelypub.hu\/"},{"@type":"ListItem","position":2,"name":"Adatkezel\u00e9si t\u00e1j\u00e9koztat\u00f3"}]},{"@type":"WebSite","@id":"https:\/\/korhelypub.hu\/#website","url":"https:\/\/korhelypub.hu\/","name":"Drunkard's pub","description":"\u201eDon't put off until tomorrow what you can eat today!\u201d","publisher":{"@id":"https:\/\/korhelypub.hu\/#organization"},"potentialAction":[{"@type":"SearchAction","target":{"@type":"EntryPoint","urlTemplate":"https:\/\/korhelypub.hu\/?s={search_term_string}"},"query-input":{"@type":"PropertyValueSpecification","valueRequired":true,"valueName":"search_term_string"}}],"inLanguage":"en-GB"},{"@type":"Organization","@id":"https:\/\/korhelypub.hu\/#organization","name":"Drunkard's pub","url":"https:\/\/korhelypub.hu\/","logo":{"@type":"ImageObject","inLanguage":"en-GB","@id":"https:\/\/korhelypub.hu\/#\/schema\/logo\/image\/","url":"https:\/\/korhelypub.hu\/wp-content\/uploads\/2024\/05\/korhely-logo-fekvo-barna.svg","contentUrl":"https:\/\/korhelypub.hu\/wp-content\/uploads\/2024\/05\/korhely-logo-fekvo-barna.svg","width":471,"height":96,"caption":"Korhelypub"},"image":{"@id":"https:\/\/korhelypub.hu\/#\/schema\/logo\/image\/"}}]}},"_links":{"self":[{"href":"https:\/\/korhelypub.hu\/en\/wp-json\/wp\/v2\/pages\/3","targetHints":{"allow":["GET"]}}],"collection":[{"href":"https:\/\/korhelypub.hu\/en\/wp-json\/wp\/v2\/pages"}],"about":[{"href":"https:\/\/korhelypub.hu\/en\/wp-json\/wp\/v2\/types\/page"}],"author":[{"embeddable":true,"href":"https:\/\/korhelypub.hu\/en\/wp-json\/wp\/v2\/users\/2"}],"replies":[{"embeddable":true,"href":"https:\/\/korhelypub.hu\/en\/wp-json\/wp\/v2\/comments?post=3"}],"version-history":[{"count":10,"href":"https:\/\/korhelypub.hu\/en\/wp-json\/wp\/v2\/pages\/3\/revisions"}],"predecessor-version":[{"id":1024,"href":"https:\/\/korhelypub.hu\/en\/wp-json\/wp\/v2\/pages\/3\/revisions\/1024"}],"wp:featuredmedia":[{"embeddable":true,"href":"https:\/\/korhelypub.hu\/en\/wp-json\/wp\/v2\/media\/205"}],"wp:attachment":[{"href":"https:\/\/korhelypub.hu\/en\/wp-json\/wp\/v2\/media?parent=3"}],"curies":[{"name":"wp","href":"https:\/\/api.w.org\/{rel}","templated":true}]}}